{"id":195,"date":"2019-01-14T18:03:25","date_gmt":"2019-01-14T18:03:25","guid":{"rendered":"http:\/\/fanimages.fr\/?page_id=195"},"modified":"2023-12-05T17:39:18","modified_gmt":"2023-12-05T17:39:18","slug":"champignons","status":"publish","type":"page","link":"https:\/\/fanimages.fr\/?page_id=195","title":{"rendered":"A ras de sol"},"content":{"rendered":"\n<div class=\"wp-block-button aligncenter\"><a class=\"wp-block-button__link has-background\" href=\"https:\/\/fanimages.fr\" style=\"background-color:#b9d3b3\">retour<\/a><\/div>\n\n\n\n<p><\/p>\n\n\n\n<p><\/p>\n\n\n\n<p><em>Les champignons bien s\u00fbr mais aussi les minuscules h\u00f4tes des tourbi\u00e8res : les fascinantes droseras<\/em><\/p>\n\n\n<p style=\"text-align: center;\"><div class=\"rl-gallery-container rl-loading\" id=\"rl-gallery-container-1\" data-gallery_id=\"224\"> <div class=\"rl-gallery rl-basicmasonry-gallery rl-hover-icon-6\" id=\"rl-gallery-1\" data-gallery_no=\"1\"> <div class=\"rl-gutter-sizer\"><\/div><div class=\"rl-grid-sizer\"><\/div> <div class=\"rl-gallery-item rl-gallery-item-width-4\" > <div class=\"rl-gallery-item-content\"> <a href=\"https:\/\/fanimages.fr\/wp-content\/uploads\/2021\/10\/24102021-_MG_7651-683x1024.jpg\" title=\"\" data-rl_title=\"\" class=\"rl-gallery-link\" data-rl_caption=\"\" data-rel=\"lightbox-gallery-1\"><img src=\"https:\/\/fanimages.fr\/wp-content\/uploads\/2021\/10\/24102021-_MG_7651-683x1024.jpg\" width=\"640\" height=\"960\" alt=\"\"\/><\/a> <\/div> <\/div> <div class=\"rl-gallery-item\" > <div class=\"rl-gallery-item-content\"> <a href=\"https:\/\/fanimages.fr\/wp-content\/uploads\/2020\/03\/03092019-_MG_9630-Modifier-1-1024x683.jpg\" title=\"\" data-rl_title=\"\" class=\"rl-gallery-link\" data-rl_caption=\"\" data-rel=\"lightbox-gallery-1\"><img src=\"https:\/\/fanimages.fr\/wp-content\/uploads\/2020\/03\/03092019-_MG_9630-Modifier-1-1024x683.jpg\" width=\"640\" height=\"427\" alt=\"\"\/><\/a> <\/div> <\/div> <div class=\"rl-gallery-item\" > <div class=\"rl-gallery-item-content\"> <a href=\"https:\/\/fanimages.fr\/wp-content\/uploads\/2020\/03\/19102019-_MG_1315.jpg\" title=\"\" data-rl_title=\"\" class=\"rl-gallery-link\" data-rl_caption=\"\" data-rel=\"lightbox-gallery-1\"><img src=\"https:\/\/fanimages.fr\/wp-content\/uploads\/2020\/03\/19102019-_MG_1315.jpg\" width=\"640\" height=\"427\" alt=\"\"\/><\/a> <\/div> <\/div> <div class=\"rl-gallery-item\" > <div class=\"rl-gallery-item-content\"> <a href=\"https:\/\/fanimages.fr\/wp-content\/uploads\/2020\/03\/17112019-_MG_2352-1024x683.jpg\" title=\"\" data-rl_title=\"\" class=\"rl-gallery-link\" data-rl_caption=\"\" data-rel=\"lightbox-gallery-1\"><img src=\"https:\/\/fanimages.fr\/wp-content\/uploads\/2020\/03\/17112019-_MG_2352-1024x683.jpg\" width=\"640\" height=\"427\" alt=\"\"\/><\/a> <\/div> <\/div> <div class=\"rl-gallery-item\" > <div class=\"rl-gallery-item-content\"> <a href=\"https:\/\/fanimages.fr\/wp-content\/uploads\/2020\/03\/17112019-_MG_2483-1024x683.jpg\" title=\"\" data-rl_title=\"\" class=\"rl-gallery-link\" data-rl_caption=\"\" data-rel=\"lightbox-gallery-1\"><img src=\"https:\/\/fanimages.fr\/wp-content\/uploads\/2020\/03\/17112019-_MG_2483-1024x683.jpg\" width=\"640\" height=\"427\" alt=\"\"\/><\/a> <\/div> <\/div> <div class=\"rl-gallery-item\" > <div class=\"rl-gallery-item-content\"> <a href=\"https:\/\/fanimages.fr\/wp-content\/uploads\/2020\/03\/26102019-_MG_1457-683x1024.jpg\" title=\"\" data-rl_title=\"\" class=\"rl-gallery-link\" data-rl_caption=\"\" data-rel=\"lightbox-gallery-1\"><img src=\"https:\/\/fanimages.fr\/wp-content\/uploads\/2020\/03\/26102019-_MG_1457-683x1024.jpg\" width=\"640\" height=\"960\" alt=\"\"\/><\/a> <\/div> <\/div> <div class=\"rl-gallery-item\" > <div class=\"rl-gallery-item-content\"> <a href=\"https:\/\/fanimages.fr\/wp-content\/uploads\/2020\/03\/29112019-_MG_2590-1024x683.jpg\" title=\"\" data-rl_title=\"\" class=\"rl-gallery-link\" data-rl_caption=\"\" data-rel=\"lightbox-gallery-1\"><img src=\"https:\/\/fanimages.fr\/wp-content\/uploads\/2020\/03\/29112019-_MG_2590-1024x683.jpg\" width=\"640\" height=\"427\" alt=\"\"\/><\/a> <\/div> <\/div> <div class=\"rl-gallery-item\" > <div class=\"rl-gallery-item-content\"> <a href=\"https:\/\/fanimages.fr\/wp-content\/uploads\/2020\/03\/03092019-_MG_9707-1024x683.jpg\" title=\"\" data-rl_title=\"\" class=\"rl-gallery-link\" data-rl_caption=\"\" data-rel=\"lightbox-gallery-1\"><img src=\"https:\/\/fanimages.fr\/wp-content\/uploads\/2020\/03\/03092019-_MG_9707-1024x683.jpg\" width=\"640\" height=\"427\" alt=\"\"\/><\/a> <\/div> <\/div> <div class=\"rl-gallery-item\" > <div class=\"rl-gallery-item-content\"> <a href=\"https:\/\/fanimages.fr\/wp-content\/uploads\/2019\/10\/13102019-_MG_1241-1024x683.jpg\" title=\"helvelle cr\u00e9pue\" data-rl_title=\"helvelle cr\u00e9pue\" class=\"rl-gallery-link\" data-rl_caption=\"\" data-rel=\"lightbox-gallery-1\"><img src=\"https:\/\/fanimages.fr\/wp-content\/uploads\/2019\/10\/13102019-_MG_1241-1024x683.jpg\" width=\"640\" height=\"427\" alt=\"\"\/><\/a> <\/div> <\/div> <div class=\"rl-gallery-item\" > <div class=\"rl-gallery-item-content\"> <a href=\"https:\/\/fanimages.fr\/wp-content\/uploads\/2019\/10\/13102019-_MG_1217-Modifier-1024x683.jpg\" title=\"helvelle cr\u00e9pue\" data-rl_title=\"helvelle cr\u00e9pue\" class=\"rl-gallery-link\" data-rl_caption=\"\" data-rel=\"lightbox-gallery-1\"><img src=\"https:\/\/fanimages.fr\/wp-content\/uploads\/2019\/10\/13102019-_MG_1217-Modifier-1024x683.jpg\" width=\"640\" height=\"427\" alt=\"\"\/><\/a> <\/div> <\/div> <div class=\"rl-gallery-item\" > <div class=\"rl-gallery-item-content\"> <a href=\"https:\/\/fanimages.fr\/wp-content\/uploads\/2019\/10\/12102019-_MG_1083-Modifier-1024x683.jpg\" title=\"\" data-rl_title=\"\" class=\"rl-gallery-link\" data-rl_caption=\"\" data-rel=\"lightbox-gallery-1\"><img src=\"https:\/\/fanimages.fr\/wp-content\/uploads\/2019\/10\/12102019-_MG_1083-Modifier-1024x683.jpg\" width=\"640\" height=\"427\" alt=\"\"\/><\/a> <\/div> <\/div> <div class=\"rl-gallery-item\" > <div class=\"rl-gallery-item-content\"> <a href=\"https:\/\/fanimages.fr\/wp-content\/uploads\/2019\/11\/17112019-_MG_2455-1024x683.jpg\" title=\"\" data-rl_title=\"\" class=\"rl-gallery-link\" data-rl_caption=\"\" data-rel=\"lightbox-gallery-1\"><img src=\"https:\/\/fanimages.fr\/wp-content\/uploads\/2019\/11\/17112019-_MG_2455-1024x683.jpg\" width=\"640\" height=\"427\" alt=\"\"\/><\/a> <\/div> <\/div> <div class=\"rl-gallery-item\" > <div class=\"rl-gallery-item-content\"> <a href=\"https:\/\/fanimages.fr\/wp-content\/uploads\/2019\/12\/17112019-_MG_2557-1024x683.jpg\" title=\"\" data-rl_title=\"\" class=\"rl-gallery-link\" data-rl_caption=\"\" data-rel=\"lightbox-gallery-1\"><img src=\"https:\/\/fanimages.fr\/wp-content\/uploads\/2019\/12\/17112019-_MG_2557-1024x683.jpg\" width=\"640\" height=\"427\" alt=\"\"\/><\/a> <\/div> <\/div> <div class=\"rl-gallery-item\" > <div class=\"rl-gallery-item-content\"> <a href=\"https:\/\/fanimages.fr\/wp-content\/uploads\/2019\/09\/10092019-_MG_9895-1024x683.jpg\" title=\"\" data-rl_title=\"\" class=\"rl-gallery-link\" data-rl_caption=\"\" data-rel=\"lightbox-gallery-1\"><img src=\"https:\/\/fanimages.fr\/wp-content\/uploads\/2019\/09\/10092019-_MG_9895-1024x683.jpg\" width=\"640\" height=\"427\" alt=\"\"\/><\/a> <\/div> <\/div> <div class=\"rl-gallery-item\" > <div class=\"rl-gallery-item-content\"> <a href=\"https:\/\/fanimages.fr\/wp-content\/uploads\/2019\/09\/03092019-_MG_9653-1024x683.jpg\" title=\"\" data-rl_title=\"\" class=\"rl-gallery-link\" data-rl_caption=\"\" data-rel=\"lightbox-gallery-1\"><img src=\"https:\/\/fanimages.fr\/wp-content\/uploads\/2019\/09\/03092019-_MG_9653-1024x683.jpg\" width=\"640\" height=\"427\" alt=\"\"\/><\/a> <\/div> <\/div> <div class=\"rl-gallery-item\" > <div class=\"rl-gallery-item-content\"> <a href=\"https:\/\/fanimages.fr\/wp-content\/uploads\/2019\/09\/10092019-_MG_9843-1024x683.jpg\" title=\"\" data-rl_title=\"\" class=\"rl-gallery-link\" data-rl_caption=\"\" data-rel=\"lightbox-gallery-1\"><img src=\"https:\/\/fanimages.fr\/wp-content\/uploads\/2019\/09\/10092019-_MG_9843-1024x683.jpg\" width=\"640\" height=\"427\" alt=\"\"\/><\/a> <\/div> <\/div> <div class=\"rl-gallery-item\" > <div class=\"rl-gallery-item-content\"> <a href=\"https:\/\/fanimages.fr\/wp-content\/uploads\/2019\/09\/03092019-_MG_9716-1024x683.jpg\" title=\"\" data-rl_title=\"\" class=\"rl-gallery-link\" data-rl_caption=\"\" data-rel=\"lightbox-gallery-1\"><img src=\"https:\/\/fanimages.fr\/wp-content\/uploads\/2019\/09\/03092019-_MG_9716-1024x683.jpg\" width=\"640\" height=\"427\" alt=\"\"\/><\/a> <\/div> <\/div> <div class=\"rl-gallery-item\" > <div class=\"rl-gallery-item-content\"> <a href=\"https:\/\/fanimages.fr\/wp-content\/uploads\/2019\/09\/10092019-_MG_9834-Modifier-1024x683.jpg\" title=\"\" data-rl_title=\"\" class=\"rl-gallery-link\" data-rl_caption=\"\" data-rel=\"lightbox-gallery-1\"><img src=\"https:\/\/fanimages.fr\/wp-content\/uploads\/2019\/09\/10092019-_MG_9834-Modifier-1024x683.jpg\" width=\"640\" height=\"427\" alt=\"\"\/><\/a> <\/div> <\/div> <div class=\"rl-gallery-item\" > <div class=\"rl-gallery-item-content\"> <a href=\"https:\/\/fanimages.fr\/wp-content\/uploads\/2019\/09\/06092019-_MG_0261-1024x683.jpg\" title=\"\" data-rl_title=\"\" class=\"rl-gallery-link\" data-rl_caption=\"\" data-rel=\"lightbox-gallery-1\"><img src=\"https:\/\/fanimages.fr\/wp-content\/uploads\/2019\/09\/06092019-_MG_0261-1024x683.jpg\" width=\"640\" height=\"427\" alt=\"\"\/><\/a> <\/div> <\/div> <div class=\"rl-gallery-item\" > <div class=\"rl-gallery-item-content\"> <a href=\"https:\/\/fanimages.fr\/wp-content\/uploads\/2019\/09\/06092019-_MG_0237-1024x683.jpg\" title=\"\" data-rl_title=\"\" class=\"rl-gallery-link\" data-rl_caption=\"\" data-rel=\"lightbox-gallery-1\"><img src=\"https:\/\/fanimages.fr\/wp-content\/uploads\/2019\/09\/06092019-_MG_0237-1024x683.jpg\" width=\"640\" height=\"427\" alt=\"\"\/><\/a> <\/div> <\/div> <div class=\"rl-gallery-item\" > <div class=\"rl-gallery-item-content\"> <a href=\"https:\/\/fanimages.fr\/wp-content\/uploads\/2019\/01\/07072018-_MG_6536-1024x683.jpg\" title=\"drosera\" data-rl_title=\"drosera\" class=\"rl-gallery-link\" data-rl_caption=\"\" data-rel=\"lightbox-gallery-1\"><img src=\"https:\/\/fanimages.fr\/wp-content\/uploads\/2019\/01\/07072018-_MG_6536-1024x683.jpg\" width=\"640\" height=\"427\" alt=\"\"\/><\/a> <\/div> <\/div> <div class=\"rl-gallery-item\" > <div class=\"rl-gallery-item-content\"> <a href=\"https:\/\/fanimages.fr\/wp-content\/uploads\/2019\/01\/05072018-_MG_6264-1024x683.jpg\" title=\"\" data-rl_title=\"\" class=\"rl-gallery-link\" data-rl_caption=\"\" data-rel=\"lightbox-gallery-1\"><img src=\"https:\/\/fanimages.fr\/wp-content\/uploads\/2019\/01\/05072018-_MG_6264-1024x683.jpg\" width=\"640\" height=\"427\" alt=\"\"\/><\/a> <\/div> <\/div> <div class=\"rl-gallery-item\" > <div class=\"rl-gallery-item-content\"> <a href=\"https:\/\/fanimages.fr\/wp-content\/uploads\/2019\/03\/13102018-_MG_3815-1024x683.jpg\" title=\"\" data-rl_title=\"\" class=\"rl-gallery-link\" data-rl_caption=\"\" data-rel=\"lightbox-gallery-1\"><img src=\"https:\/\/fanimages.fr\/wp-content\/uploads\/2019\/03\/13102018-_MG_3815-1024x683.jpg\" width=\"640\" height=\"427\" alt=\"\"\/><\/a> <\/div> <\/div> <div class=\"rl-gallery-item\" > <div class=\"rl-gallery-item-content\"> <a href=\"https:\/\/fanimages.fr\/wp-content\/uploads\/2019\/03\/07072018-_MG_6493-1024x683.jpg\" title=\"\" data-rl_title=\"\" class=\"rl-gallery-link\" data-rl_caption=\"\" data-rel=\"lightbox-gallery-1\"><img src=\"https:\/\/fanimages.fr\/wp-content\/uploads\/2019\/03\/07072018-_MG_6493-1024x683.jpg\" width=\"640\" height=\"427\" alt=\"\"\/><\/a> <\/div> <\/div> <div class=\"rl-gallery-item\" > <div class=\"rl-gallery-item-content\"> <a href=\"https:\/\/fanimages.fr\/wp-content\/uploads\/2019\/03\/20102018-_MG_4299-683x1024.jpg\" title=\"\" data-rl_title=\"\" class=\"rl-gallery-link\" data-rl_caption=\"\" data-rel=\"lightbox-gallery-1\"><img src=\"https:\/\/fanimages.fr\/wp-content\/uploads\/2019\/03\/20102018-_MG_4299-683x1024.jpg\" width=\"640\" height=\"960\" alt=\"\"\/><\/a> <\/div> <\/div> <div class=\"rl-gallery-item\" > <div class=\"rl-gallery-item-content\"> <a href=\"https:\/\/fanimages.fr\/wp-content\/uploads\/2019\/01\/30102017-_MG_8597-1-1024x682.jpg\" title=\"\" data-rl_title=\"\" class=\"rl-gallery-link\" data-rl_caption=\"\" data-rel=\"lightbox-gallery-1\"><img src=\"https:\/\/fanimages.fr\/wp-content\/uploads\/2019\/01\/30102017-_MG_8597-1-1024x682.jpg\" width=\"640\" height=\"426\" alt=\"\"\/><\/a> <\/div> <\/div> <div class=\"rl-gallery-item\" > <div class=\"rl-gallery-item-content\"> <a href=\"https:\/\/fanimages.fr\/wp-content\/uploads\/2019\/03\/07072018-_MG_6482-1024x683.jpg\" title=\"drosera\" data-rl_title=\"drosera\" class=\"rl-gallery-link\" data-rl_caption=\"\" data-rel=\"lightbox-gallery-1\"><img src=\"https:\/\/fanimages.fr\/wp-content\/uploads\/2019\/03\/07072018-_MG_6482-1024x683.jpg\" width=\"640\" height=\"427\" alt=\"\"\/><\/a> <\/div> <\/div> <div class=\"rl-gallery-item\" > <div class=\"rl-gallery-item-content\"> <a href=\"https:\/\/fanimages.fr\/wp-content\/uploads\/2019\/01\/30092017-_MG_7445-1-1024x682.jpg\" title=\"\" data-rl_title=\"\" class=\"rl-gallery-link\" data-rl_caption=\"\" data-rel=\"lightbox-gallery-1\"><img src=\"https:\/\/fanimages.fr\/wp-content\/uploads\/2019\/01\/30092017-_MG_7445-1-1024x682.jpg\" width=\"640\" height=\"426\" alt=\"\"\/><\/a> <\/div> <\/div> <div class=\"rl-gallery-item\" > <div class=\"rl-gallery-item-content\"> <a href=\"https:\/\/fanimages.fr\/wp-content\/uploads\/2019\/01\/28102018-_MG_4822-1-1024x682.jpg\" title=\"\" data-rl_title=\"\" class=\"rl-gallery-link\" data-rl_caption=\"\" data-rel=\"lightbox-gallery-1\"><img src=\"https:\/\/fanimages.fr\/wp-content\/uploads\/2019\/01\/28102018-_MG_4822-1-1024x682.jpg\" width=\"640\" height=\"426\" alt=\"\"\/><\/a> <\/div> <\/div> <div class=\"rl-gallery-item\" > <div class=\"rl-gallery-item-content\"> <a href=\"https:\/\/fanimages.fr\/wp-content\/uploads\/2019\/01\/28102017-_MG_8406-3-1-1024x710.jpg\" title=\"\" data-rl_title=\"\" class=\"rl-gallery-link\" data-rl_caption=\"\" data-rel=\"lightbox-gallery-1\"><img src=\"https:\/\/fanimages.fr\/wp-content\/uploads\/2019\/01\/28102017-_MG_8406-3-1-1024x710.jpg\" width=\"640\" height=\"444\" alt=\"\"\/><\/a> <\/div> <\/div> <div class=\"rl-gallery-item\" > <div class=\"rl-gallery-item-content\"> <a href=\"https:\/\/fanimages.fr\/wp-content\/uploads\/2019\/01\/18082018-_MG_8808-Modifier-1-1024x682.jpg\" title=\"\" data-rl_title=\"\" class=\"rl-gallery-link\" data-rl_caption=\"\" data-rel=\"lightbox-gallery-1\"><img src=\"https:\/\/fanimages.fr\/wp-content\/uploads\/2019\/01\/18082018-_MG_8808-Modifier-1-1024x682.jpg\" width=\"640\" height=\"426\" alt=\"\"\/><\/a> <\/div> <\/div> <div class=\"rl-gallery-item\" > <div class=\"rl-gallery-item-content\"> <a href=\"https:\/\/fanimages.fr\/wp-content\/uploads\/2019\/01\/14102017-_MG_7966-1-1024x682.jpg\" title=\"\" data-rl_title=\"\" class=\"rl-gallery-link\" data-rl_caption=\"\" data-rel=\"lightbox-gallery-1\"><img src=\"https:\/\/fanimages.fr\/wp-content\/uploads\/2019\/01\/14102017-_MG_7966-1-1024x682.jpg\" width=\"640\" height=\"426\" alt=\"\"\/><\/a> <\/div> <\/div> <div class=\"rl-gallery-item\" > <div class=\"rl-gallery-item-content\"> <a href=\"https:\/\/fanimages.fr\/wp-content\/uploads\/2019\/01\/13102018-_MG_3803-1-1024x682.jpg\" title=\"\" data-rl_title=\"\" class=\"rl-gallery-link\" data-rl_caption=\"\" data-rel=\"lightbox-gallery-1\"><img src=\"https:\/\/fanimages.fr\/wp-content\/uploads\/2019\/01\/13102018-_MG_3803-1-1024x682.jpg\" width=\"640\" height=\"426\" alt=\"\"\/><\/a> <\/div> <\/div> <div class=\"rl-gallery-item\" > <div class=\"rl-gallery-item-content\"> <a href=\"https:\/\/fanimages.fr\/wp-content\/uploads\/2019\/03\/07072018-_MG_6487-1024x683.jpg\" title=\"\" data-rl_title=\"\" class=\"rl-gallery-link\" data-rl_caption=\"\" data-rel=\"lightbox-gallery-1\"><img src=\"https:\/\/fanimages.fr\/wp-content\/uploads\/2019\/03\/07072018-_MG_6487-1024x683.jpg\" width=\"640\" height=\"427\" alt=\"\"\/><\/a> <\/div> <\/div> <div class=\"rl-gallery-item\" > <div class=\"rl-gallery-item-content\"> <a href=\"https:\/\/fanimages.fr\/wp-content\/uploads\/2019\/01\/13102018-_MG_3790-1-1024x682.jpg\" title=\"\" data-rl_title=\"\" class=\"rl-gallery-link\" data-rl_caption=\"\" data-rel=\"lightbox-gallery-1\"><img src=\"https:\/\/fanimages.fr\/wp-content\/uploads\/2019\/01\/13102018-_MG_3790-1-1024x682.jpg\" width=\"640\" height=\"426\" alt=\"\"\/><\/a> <\/div> <\/div> <div class=\"rl-gallery-item\" > <div class=\"rl-gallery-item-content\"> <a href=\"https:\/\/fanimages.fr\/wp-content\/uploads\/2019\/01\/07102017-_MG_7791-1-682x1024.jpg\" title=\"\" data-rl_title=\"\" class=\"rl-gallery-link\" data-rl_caption=\"\" data-rel=\"lightbox-gallery-1\"><img src=\"https:\/\/fanimages.fr\/wp-content\/uploads\/2019\/01\/07102017-_MG_7791-1-682x1024.jpg\" width=\"640\" height=\"961\" alt=\"\"\/><\/a> <\/div> <\/div> <div class=\"rl-gallery-item\" > <div class=\"rl-gallery-item-content\"> <a href=\"https:\/\/fanimages.fr\/wp-content\/uploads\/2019\/03\/07072018-_MG_6505-683x1024.jpg\" title=\"\" data-rl_title=\"\" class=\"rl-gallery-link\" data-rl_caption=\"\" data-rel=\"lightbox-gallery-1\"><img src=\"https:\/\/fanimages.fr\/wp-content\/uploads\/2019\/03\/07072018-_MG_6505-683x1024.jpg\" width=\"640\" height=\"960\" alt=\"\"\/><\/a> <\/div> <\/div> <div class=\"rl-gallery-item\" > <div class=\"rl-gallery-item-content\"> <a href=\"https:\/\/fanimages.fr\/wp-content\/uploads\/2019\/01\/07102017-_MG_7751-1-1024x682.jpg\" title=\"\" data-rl_title=\"\" class=\"rl-gallery-link\" data-rl_caption=\"\" data-rel=\"lightbox-gallery-1\"><img src=\"https:\/\/fanimages.fr\/wp-content\/uploads\/2019\/01\/07102017-_MG_7751-1-1024x682.jpg\" width=\"640\" height=\"426\" alt=\"\"\/><\/a> <\/div> <\/div> <div class=\"rl-gallery-item\" > <div class=\"rl-gallery-item-content\"> <a href=\"https:\/\/fanimages.fr\/wp-content\/uploads\/2019\/01\/07102017-_MG_7706-682x1024.jpg\" title=\"\" data-rl_title=\"\" class=\"rl-gallery-link\" data-rl_caption=\"\" data-rel=\"lightbox-gallery-1\"><img src=\"https:\/\/fanimages.fr\/wp-content\/uploads\/2019\/01\/07102017-_MG_7706-682x1024.jpg\" width=\"640\" height=\"961\" alt=\"\"\/><\/a> <\/div> <\/div> <div class=\"rl-gallery-item\" > <div class=\"rl-gallery-item-content\"> <a href=\"https:\/\/fanimages.fr\/wp-content\/uploads\/2019\/03\/07072018-_MG_6465-683x1024.jpg\" title=\"\" data-rl_title=\"\" class=\"rl-gallery-link\" data-rl_caption=\"\" data-rel=\"lightbox-gallery-1\"><img src=\"https:\/\/fanimages.fr\/wp-content\/uploads\/2019\/03\/07072018-_MG_6465-683x1024.jpg\" width=\"640\" height=\"960\" alt=\"\"\/><\/a> <\/div> <\/div> <div class=\"rl-gallery-item\" > <div class=\"rl-gallery-item-content\"> <a href=\"https:\/\/fanimages.fr\/wp-content\/uploads\/2020\/06\/17112019-_MG_2442-1024x683.jpg\" title=\"les trompettes inconnues\" data-rl_title=\"les trompettes inconnues\" class=\"rl-gallery-link\" data-rl_caption=\"\" data-rel=\"lightbox-gallery-1\"><img src=\"https:\/\/fanimages.fr\/wp-content\/uploads\/2020\/06\/17112019-_MG_2442-1024x683.jpg\" width=\"640\" height=\"427\" alt=\"\"\/><\/a> <\/div> <\/div> <div class=\"rl-gallery-item\" > <div class=\"rl-gallery-item-content\"> <a href=\"https:\/\/fanimages.fr\/wp-content\/uploads\/2022\/01\/10092019-_MG_9820-1024x683.jpg\" title=\"\" data-rl_title=\"\" class=\"rl-gallery-link\" data-rl_caption=\"\" data-rel=\"lightbox-gallery-1\"><img src=\"https:\/\/fanimages.fr\/wp-content\/uploads\/2022\/01\/10092019-_MG_9820-1024x683.jpg\" width=\"640\" height=\"427\" alt=\"\"\/><\/a> <\/div> <\/div> <div class=\"rl-gallery-item\" > <div class=\"rl-gallery-item-content\"> <a href=\"https:\/\/fanimages.fr\/wp-content\/uploads\/2022\/11\/16102022-_MG_9077-1024x683.jpg\" title=\"\" data-rl_title=\"\" class=\"rl-gallery-link\" data-rl_caption=\"\" data-rel=\"lightbox-gallery-1\"><img src=\"https:\/\/fanimages.fr\/wp-content\/uploads\/2022\/11\/16102022-_MG_9077-1024x683.jpg\" width=\"640\" height=\"427\" alt=\"\"\/><\/a> <\/div> <\/div> <\/div> <h4 class=\"rl-gallery-title\">A ras de sol<\/h4> <\/div><\/p>\n\n\n<p><\/p>\n","protected":false},"excerpt":{"rendered":"<p>Les champignons bien s\u00fbr mais aussi les minuscules h\u00f4tes des tourbi\u00e8res : les fascinantes droseras<\/p>\n","protected":false},"author":1,"featured_media":0,"parent":60,"menu_order":0,"comment_status":"closed","ping_status":"closed","template":"","meta":[],"_links":{"self":[{"href":"https:\/\/fanimages.fr\/index.php?rest_route=\/wp\/v2\/pages\/195"}],"collection":[{"href":"https:\/\/fanimages.fr\/index.php?rest_route=\/wp\/v2\/pages"}],"about":[{"href":"https:\/\/fanimages.fr\/index.php?rest_route=\/wp\/v2\/types\/page"}],"author":[{"embeddable":true,"href":"https:\/\/fanimages.fr\/index.php?rest_route=\/wp\/v2\/users\/1"}],"replies":[{"embeddable":true,"href":"https:\/\/fanimages.fr\/index.php?rest_route=%2Fwp%2Fv2%2Fcomments&post=195"}],"version-history":[{"count":12,"href":"https:\/\/fanimages.fr\/index.php?rest_route=\/wp\/v2\/pages\/195\/revisions"}],"predecessor-version":[{"id":1883,"href":"https:\/\/fanimages.fr\/index.php?rest_route=\/wp\/v2\/pages\/195\/revisions\/1883"}],"up":[{"embeddable":true,"href":"https:\/\/fanimages.fr\/index.php?rest_route=\/wp\/v2\/pages\/60"}],"wp:attachment":[{"href":"https:\/\/fanimages.fr\/index.php?rest_route=%2Fwp%2Fv2%2Fmedia&parent=195"}],"curies":[{"name":"wp","href":"https:\/\/api.w.org\/{rel}","templated":true}]}}